{"id":377,"date":"2022-08-16T07:44:24","date_gmt":"2022-08-16T07:44:24","guid":{"rendered":"https:\/\/www.oviedoalpinerace.com\/?page_id=377"},"modified":"2022-08-16T07:44:25","modified_gmt":"2022-08-16T07:44:25","slug":"resultados-2018","status":"publish","type":"page","link":"https:\/\/www.oviedoalpinerace.com\/?page_id=377","title":{"rendered":"RESULTADOS 2018"},"content":{"rendered":"<h3><span style=\"color: #0000ff;\"><strong><a style=\"color: #0000ff;\" href=\"https:\/\/fep.es\/admin\/eventsAlpino\/docs\/rollerDerby285.pdf\">CONVOCATORIA III TROFEO CIUDAD DE OVIEDO<\/a><\/strong><\/span><\/h3>\n<h3><span style=\"color: #0000ff;\"><strong><a style=\"color: #0000ff;\" href=\"https:\/\/fep.es\/admin\/eventsAlpino\/docs\/rollerDerby288.pdf\">LISTA DE SALIDA CAMPEONATO DE ESPA\u00d1A DE COMBINADA<\/a><\/strong><\/span><\/h3>\n<h3><strong><span style=\"color: #0000ff;\"><a style=\"color: #0000ff;\" href=\"https:\/\/fep.es\/admin\/eventsAlpino\/docs\/rollerDerby289.pdf\">CLASIFICACI\u00d3N CAMPEONATO DE ESPA\u00d1A COMBINADA<\/a><\/span><\/strong><\/h3>\n<h3><strong><span style=\"color: #0000ff;\"><a style=\"color: #0000ff;\" href=\"https:\/\/fep.es\/admin\/eventsAlpino\/docs\/rollerDerby291.pdf\">PUNTOS CNAL III TROFEO CIUDAD DE OVIEDO<\/a><\/span><\/strong><\/h3>\n","protected":false},"excerpt":{"rendered":"<p>CONVOCATORIA III TROFEO CIUDAD DE OVIEDO LISTA DE SALIDA CAMPEONATO DE ESPA\u00d1A DE COMBINADA CLASIFICACI\u00d3N CAMPEONATO DE ESPA\u00d1A COMBINADA PUNTOS CNAL III TROFEO CIUDAD DE OVIEDO<\/p>\n","protected":false},"author":2,"featured_media":0,"parent":0,"menu_order":0,"comment_status":"closed","ping_status":"closed","template":"","meta":{"footnotes":""},"class_list":["post-377","page","type-page","status-publish"],"_links":{"self":[{"href":"https:\/\/www.oviedoalpinerace.com\/index.php?rest_route=\/wp\/v2\/pages\/377","targetHints":{"allow":["GET"]}}],"collection":[{"href":"https:\/\/www.oviedoalpinerace.com\/index.php?rest_route=\/wp\/v2\/pages"}],"about":[{"href":"https:\/\/www.oviedoalpinerace.com\/index.php?rest_route=\/wp\/v2\/types\/page"}],"author":[{"embeddable":true,"href":"https:\/\/www.oviedoalpinerace.com\/index.php?rest_route=\/wp\/v2\/users\/2"}],"replies":[{"embeddable":true,"href":"https:\/\/www.oviedoalpinerace.com\/index.php?rest_route=%2Fwp%2Fv2%2Fcomments&post=377"}],"version-history":[{"count":1,"href":"https:\/\/www.oviedoalpinerace.com\/index.php?rest_route=\/wp\/v2\/pages\/377\/revisions"}],"predecessor-version":[{"id":378,"href":"https:\/\/www.oviedoalpinerace.com\/index.php?rest_route=\/wp\/v2\/pages\/377\/revisions\/378"}],"wp:attachment":[{"href":"https:\/\/www.oviedoalpinerace.com\/index.php?rest_route=%2Fwp%2Fv2%2Fmedia&parent=377"}],"curies":[{"name":"wp","href":"https:\/\/api.w.org\/{rel}","templated":true}]}}