{"id":359,"date":"2022-08-16T07:00:24","date_gmt":"2022-08-16T07:00:24","guid":{"rendered":"https:\/\/www.oviedoalpinerace.com\/?page_id=359"},"modified":"2022-10-14T00:45:08","modified_gmt":"2022-10-14T00:45:08","slug":"prensa-escrita","status":"publish","type":"page","link":"https:\/\/www.oviedoalpinerace.com\/?page_id=359","title":{"rendered":"PRENSA ESCRITA"},"content":{"rendered":"<p><a href=\"https:\/\/www.gijon.es\/es\/noticias\/sergio-mendez-subcampeon-de-la-copa-del-mundo-de-patinaje-alpino-en-linea\">PDM GIJ\u00d3N &#8211; Sergio M\u00e9ndez, subcampe\u00f3n de la Copa del Mundo de Patinaje Alpino en L\u00ednea<\/a><\/p>\n<p>LNE &#8211; <a href=\"https:\/\/www.lne.es\/deportes\/deporte-astur\/2022\/09\/19\/asturiano-sergio-mendez-acaricia-copa-75611385.html\">El asturiano Sergio M\u00e9ndez acaricia la Copa del Mundo, que gana el alem\u00e1n Berstsch en una tarde con mucho ambiente<\/a><\/p>\n<p><a href=\"https:\/\/www.oviedo.es\/-\/oviedo-sede-de-la-final-de-la-copa-del-mundo-de-alpino-en-linea-2022\">Web Oviedo &#8211; Oviedo, sede de la Final de la Copa del Mundo de Alpino en L\u00ednea 2022<\/a><\/p>\n<p><a href=\"https:\/\/www.lne.es\/deportes\/deporte-astur\/2022\/08\/14\/mendez-gana-prueba-copa-mundo-73456465.html\">LNE &#8211; M\u00e9ndez gana una prueba de la Copa del Mundo de alpino<\/a><\/p>\n\n\n<figure class=\"wp-block-image size-large\"><img fetchpriority=\"high\" decoding=\"async\" width=\"258\" height=\"1024\" src=\"http:\/\/www.oviedoalpinerace.com\/wp-content\/uploads\/2022\/08\/WhatsApp-Image-2022-08-14-at-10.49.09-AM-258x1024.jpeg\" alt=\"\" class=\"wp-image-360\" srcset=\"https:\/\/www.oviedoalpinerace.com\/wp-content\/uploads\/2022\/08\/WhatsApp-Image-2022-08-14-at-10.49.09-AM-258x1024.jpeg 258w, https:\/\/www.oviedoalpinerace.com\/wp-content\/uploads\/2022\/08\/WhatsApp-Image-2022-08-14-at-10.49.09-AM-387x1536.jpeg 387w, https:\/\/www.oviedoalpinerace.com\/wp-content\/uploads\/2022\/08\/WhatsApp-Image-2022-08-14-at-10.49.09-AM.jpeg 441w\" sizes=\"(max-width: 258px) 100vw, 258px\" \/><\/figure>\n","protected":false},"excerpt":{"rendered":"<p>PDM GIJ\u00d3N &#8211; Sergio M\u00e9ndez, subcampe\u00f3n de la Copa del Mundo de Patinaje Alpino en L\u00ednea LNE &#8211; El asturiano Sergio M\u00e9ndez acaricia la Copa del Mundo, que gana el alem\u00e1n Berstsch en una tarde con mucho ambiente Web Oviedo &#8211; Oviedo, sede de la Final de la Copa del Mundo de Alpino en L\u00ednea &#8230; <a title=\"PRENSA ESCRITA\" class=\"read-more\" href=\"https:\/\/www.oviedoalpinerace.com\/?page_id=359\" aria-label=\"M\u00e1s en PRENSA ESCRITA\">Leer m\u00e1s<\/a><\/p>\n","protected":false},"author":2,"featured_media":0,"parent":0,"menu_order":0,"comment_status":"closed","ping_status":"closed","template":"","meta":{"footnotes":""},"class_list":["post-359","page","type-page","status-publish"],"_links":{"self":[{"href":"https:\/\/www.oviedoalpinerace.com\/index.php?rest_route=\/wp\/v2\/pages\/359","targetHints":{"allow":["GET"]}}],"collection":[{"href":"https:\/\/www.oviedoalpinerace.com\/index.php?rest_route=\/wp\/v2\/pages"}],"about":[{"href":"https:\/\/www.oviedoalpinerace.com\/index.php?rest_route=\/wp\/v2\/types\/page"}],"author":[{"embeddable":true,"href":"https:\/\/www.oviedoalpinerace.com\/index.php?rest_route=\/wp\/v2\/users\/2"}],"replies":[{"embeddable":true,"href":"https:\/\/www.oviedoalpinerace.com\/index.php?rest_route=%2Fwp%2Fv2%2Fcomments&post=359"}],"version-history":[{"count":3,"href":"https:\/\/www.oviedoalpinerace.com\/index.php?rest_route=\/wp\/v2\/pages\/359\/revisions"}],"predecessor-version":[{"id":454,"href":"https:\/\/www.oviedoalpinerace.com\/index.php?rest_route=\/wp\/v2\/pages\/359\/revisions\/454"}],"wp:attachment":[{"href":"https:\/\/www.oviedoalpinerace.com\/index.php?rest_route=%2Fwp%2Fv2%2Fmedia&parent=359"}],"curies":[{"name":"wp","href":"https:\/\/api.w.org\/{rel}","templated":true}]}}