{"id":304,"date":"2022-08-10T09:07:46","date_gmt":"2022-08-10T09:07:46","guid":{"rendered":"https:\/\/www.oviedoalpinerace.com\/?page_id=304"},"modified":"2022-08-16T08:41:04","modified_gmt":"2022-08-16T08:41:04","slug":"patinaje","status":"publish","type":"page","link":"https:\/\/www.oviedoalpinerace.com\/?page_id=304","title":{"rendered":"PATINAJE"},"content":{"rendered":"<h3><a href=\"http:\/\/www.worldskate.org\/\"><strong>WORLD SKATE<\/strong><\/a><\/h3>\n<h3><a href=\"https:\/\/europe.worldskate.org\/\"><strong>WORLD SKATE EUROPE<\/strong><\/a><\/h3>\n<h3><strong><a href=\"https:\/\/www.worldskate-alpine.org\/cgi-bin\/worldskate_pages.cgi?page=home\">WORLD SKATE EUROPE ROLLER ALPINE &amp; DOWNHILL<\/a><\/strong><\/h3>\n<h3><strong><a href=\"https:\/\/fep.es\/website\/index.asp\">REAL FEDERACI\u00d3N ESPA\u00d1OLA DE PATINAJE<\/a><\/strong><\/h3>\n<h3><strong><a href=\"https:\/\/fep.es\/website\/competicion-alpino-linea-25\">COMIT\u00c9 DE ALPINO EN L\u00cdNEA RFEP<\/a><\/strong><\/h3>\n<h3><strong><a href=\"https:\/\/www.fpasturias.es\/website\/\">FEDERACI\u00d3N DE PATINAJE DEL PRINCIPADO DE ASTURIAS<\/a><\/strong><\/h3>\n<p>\u00a0<\/p>\n\n\n<p><\/p>\n","protected":false},"excerpt":{"rendered":"<p>WORLD SKATE WORLD SKATE EUROPE WORLD SKATE EUROPE ROLLER ALPINE &amp; DOWNHILL REAL FEDERACI\u00d3N ESPA\u00d1OLA DE PATINAJE COMIT\u00c9 DE ALPINO EN L\u00cdNEA RFEP FEDERACI\u00d3N DE PATINAJE DEL PRINCIPADO DE ASTURIAS \u00a0<\/p>\n","protected":false},"author":2,"featured_media":0,"parent":0,"menu_order":0,"comment_status":"closed","ping_status":"closed","template":"","meta":{"footnotes":""},"class_list":["post-304","page","type-page","status-publish"],"_links":{"self":[{"href":"https:\/\/www.oviedoalpinerace.com\/index.php?rest_route=\/wp\/v2\/pages\/304","targetHints":{"allow":["GET"]}}],"collection":[{"href":"https:\/\/www.oviedoalpinerace.com\/index.php?rest_route=\/wp\/v2\/pages"}],"about":[{"href":"https:\/\/www.oviedoalpinerace.com\/index.php?rest_route=\/wp\/v2\/types\/page"}],"author":[{"embeddable":true,"href":"https:\/\/www.oviedoalpinerace.com\/index.php?rest_route=\/wp\/v2\/users\/2"}],"replies":[{"embeddable":true,"href":"https:\/\/www.oviedoalpinerace.com\/index.php?rest_route=%2Fwp%2Fv2%2Fcomments&post=304"}],"version-history":[{"count":3,"href":"https:\/\/www.oviedoalpinerace.com\/index.php?rest_route=\/wp\/v2\/pages\/304\/revisions"}],"predecessor-version":[{"id":389,"href":"https:\/\/www.oviedoalpinerace.com\/index.php?rest_route=\/wp\/v2\/pages\/304\/revisions\/389"}],"wp:attachment":[{"href":"https:\/\/www.oviedoalpinerace.com\/index.php?rest_route=%2Fwp%2Fv2%2Fmedia&parent=304"}],"curies":[{"name":"wp","href":"https:\/\/api.w.org\/{rel}","templated":true}]}}