{"id":137,"date":"2022-08-04T05:07:54","date_gmt":"2022-08-04T05:07:54","guid":{"rendered":"https:\/\/www.oviedoalpinerace.com\/?page_id=137"},"modified":"2022-08-26T14:27:48","modified_gmt":"2022-08-26T14:27:48","slug":"oviedo","status":"publish","type":"page","link":"https:\/\/www.oviedoalpinerace.com\/?page_id=137","title":{"rendered":"OVIEDO CIUDAD"},"content":{"rendered":"\n<p><\/p>\n\n\n<h2 style=\"text-align: center;\"><strong><a href=\"https:\/\/www.visitoviedo.info\/\"><span style=\"color: #ff0000;\">GUIA TURISMO OVIEDO<\/span><\/a><\/strong><\/h2>\n<h2 style=\"text-align: center;\"><strong><span style=\"color: #ff6600;\"><a style=\"color: #ff6600;\" href=\"https:\/\/www.oviedoiniciodelcamino.com\/html\/oviedo.html\"><span style=\"color: #ff0000;\">OVIEDO INICIO DEL CAMINO<\/span><\/a><\/span><\/strong><\/h2>\n\n\n<figure class=\"wp-block-embed is-type-video is-provider-youtube wp-block-embed-youtube wp-embed-aspect-16-9 wp-has-aspect-ratio\"><div class=\"wp-block-embed__wrapper\">\n<iframe title=\"GU\u00cdA COMPLETA \u25b6 Qu\u00e9 ver en la CIUDAD de OVIEDO (ESPA\u00d1A) \ud83c\uddea\ud83c\uddf8 \ud83c\udf0f Turismo y viajes a ASTURIAS\" width=\"1200\" height=\"675\" src=\"https:\/\/www.youtube.com\/embed\/V--b8XZ5KXw?feature=oembed\" frameborder=\"0\" allow=\"accelerometer; autoplay; clipboard-write; encrypted-media; gyroscope; picture-in-picture\" allowfullscreen><\/iframe>\n<\/div><figcaption>Gu\u00eda de viaje o gu\u00eda de turismo completa de la ciudad de OVIEDO<\/figcaption><\/figure>\n\n\n\n<p><\/p>\n\n\n\n<figure class=\"wp-block-embed is-type-video is-provider-youtube wp-block-embed-youtube wp-embed-aspect-16-9 wp-has-aspect-ratio\"><div class=\"wp-block-embed__wrapper\">\n<iframe title=\"OVIEDO (4K) Qu\u00e9 ver y hacer 1 d\u00eda en la capital: Top 10 Lugares para visitar | 3# Asturias | Espa\u00f1a\" width=\"1200\" height=\"675\" src=\"https:\/\/www.youtube.com\/embed\/8bdQzkCJgjs?feature=oembed\" frameborder=\"0\" allow=\"accelerometer; autoplay; clipboard-write; encrypted-media; gyroscope; picture-in-picture\" allowfullscreen><\/iframe>\n<\/div><figcaption><a href=\"https:\/\/www.youtube.com\/watch?v=8bdQzkCJgjs\">OVIEDO (4K) Qu\u00e9 ver y hacer 1 d\u00eda en la capital: Top 10 Lugares para visitar<\/a><\/figcaption><\/figure>\n\n\n\n<p><\/p>\n\n\n\n<figure class=\"wp-block-embed is-type-video is-provider-youtube wp-block-embed-youtube wp-embed-aspect-16-9 wp-has-aspect-ratio\"><div class=\"wp-block-embed__wrapper\">\n<iframe title=\"OVIEDO, la ciudad m\u00e1s limpia de ESPA\u00d1A\" width=\"1200\" height=\"675\" src=\"https:\/\/www.youtube.com\/embed\/VTy4e7WIdsw?feature=oembed\" frameborder=\"0\" allow=\"accelerometer; autoplay; clipboard-write; encrypted-media; gyroscope; picture-in-picture\" allowfullscreen><\/iframe>\n<\/div><figcaption>OVIEDO, la ciudad m\u00e1s limpia de ESPA\u00d1A<\/figcaption><\/figure>\n\n\n\n<figure class=\"wp-block-embed is-type-video is-provider-youtube wp-block-embed-youtube wp-embed-aspect-16-9 wp-has-aspect-ratio\"><div class=\"wp-block-embed__wrapper\">\n<iframe title=\"Oviedo, Asturias\" width=\"1200\" height=\"675\" src=\"https:\/\/www.youtube.com\/embed\/zAdCY0wVDaw?feature=oembed\" frameborder=\"0\" allow=\"accelerometer; autoplay; clipboard-write; encrypted-media; gyroscope; picture-in-picture\" allowfullscreen><\/iframe>\n<\/div><figcaption>Oviedo, Asturias<\/figcaption><\/figure>\n","protected":false},"excerpt":{"rendered":"<p>GUIA TURISMO OVIEDO OVIEDO INICIO DEL CAMINO<\/p>\n","protected":false},"author":2,"featured_media":0,"parent":0,"menu_order":0,"comment_status":"closed","ping_status":"closed","template":"","meta":{"footnotes":""},"class_list":["post-137","page","type-page","status-publish"],"_links":{"self":[{"href":"https:\/\/www.oviedoalpinerace.com\/index.php?rest_route=\/wp\/v2\/pages\/137","targetHints":{"allow":["GET"]}}],"collection":[{"href":"https:\/\/www.oviedoalpinerace.com\/index.php?rest_route=\/wp\/v2\/pages"}],"about":[{"href":"https:\/\/www.oviedoalpinerace.com\/index.php?rest_route=\/wp\/v2\/types\/page"}],"author":[{"embeddable":true,"href":"https:\/\/www.oviedoalpinerace.com\/index.php?rest_route=\/wp\/v2\/users\/2"}],"replies":[{"embeddable":true,"href":"https:\/\/www.oviedoalpinerace.com\/index.php?rest_route=%2Fwp%2Fv2%2Fcomments&post=137"}],"version-history":[{"count":3,"href":"https:\/\/www.oviedoalpinerace.com\/index.php?rest_route=\/wp\/v2\/pages\/137\/revisions"}],"predecessor-version":[{"id":407,"href":"https:\/\/www.oviedoalpinerace.com\/index.php?rest_route=\/wp\/v2\/pages\/137\/revisions\/407"}],"wp:attachment":[{"href":"https:\/\/www.oviedoalpinerace.com\/index.php?rest_route=%2Fwp%2Fv2%2Fmedia&parent=137"}],"curies":[{"name":"wp","href":"https:\/\/api.w.org\/{rel}","templated":true}]}}